{"id":92,"date":"2025-10-22T09:37:51","date_gmt":"2025-10-22T09:37:51","guid":{"rendered":"https:\/\/heidenauer-hotel.de\/?page_id=92"},"modified":"2026-02-09T08:31:33","modified_gmt":"2026-02-09T08:31:33","slug":"impressum","status":"publish","type":"page","link":"https:\/\/heidenauer-hotel.de\/index.php\/impressum\/","title":{"rendered":"Impressum"},"content":{"rendered":"<p>[et_pb_section fb_built=&#8220;1&#8243; _builder_version=&#8220;4.25.0&#8243; _module_preset=&#8220;default&#8220; global_colors_info=&#8220;{}&#8220;][et_pb_row _builder_version=&#8220;4.25.0&#8243; _module_preset=&#8220;default&#8220; custom_padding=&#8220;30px|||||&#8220; global_colors_info=&#8220;{}&#8220;][et_pb_column type=&#8220;4_4&#8243; _builder_version=&#8220;4.25.0&#8243; _module_preset=&#8220;default&#8220; global_colors_info=&#8220;{}&#8220;][et_pb_text _builder_version=&#8220;4.25.0&#8243; _module_preset=&#8220;default&#8220; global_colors_info=&#8220;{}&#8220;]<\/p>\n<p style=\"text-align: right;\"><a href=\"https:\/\/heidenauer-hotel.de\/\">&lt; zur\u00fcck zur Startseite<\/a><\/p>\n<p>[\/et_pb_text][et_pb_text _builder_version=&#8220;4.25.0&#8243; _module_preset=&#8220;default&#8220; custom_margin=&#8220;-34px|||||&#8220; global_colors_info=&#8220;{}&#8220;]<\/p>\n<div class=\"et_pb_row et_pb_row_1 et_pb_equal_columns et_pb_gutters3\">\n<div class=\"et_pb_column et_pb_column_4_4 et_pb_column_1  et_pb_css_mix_blend_mode_passthrough et-last-child\">\n<div class=\"et_pb_module et_pb_text et_pb_text_1  et_pb_text_align_left et_pb_bg_layout_light\">\n<div class=\"et_pb_text_inner\">\n<h1><strong>Impressum<\/strong><\/h1>\n<\/div>\n<\/div>\n<div class=\"et_pb_module et_pb_text et_pb_text_2  et_pb_text_align_left et_pb_bg_layout_light\">\n<div class=\"et_pb_text_inner\">\n<p><strong>GS Hotel im Park eGbR<\/strong><br \/>Bahnhofstra\u00dfe 2<br \/>21258 Heidenau<\/p>\n<p>Telefon: +49 (0) 151 &#8211; 685 200 20<br \/><span><a href=\"http:\/\/www.heidenauer-hotel.de\">www.heidenauer-hotel.de<\/a><\/span><br \/>info@heidenauer-hotel.de<\/p>\n<p><strong>Gerichtsstand:<br \/><\/strong><span>Amtsgericht Tostedt<\/span><\/p>\n<\/div>\n<\/div>\n<div class=\"et_pb_module et_pb_text et_pb_text_4  et_pb_text_align_left et_pb_bg_layout_light\">\n<div class=\"et_pb_text_inner\">\n<p><strong>Gesch\u00e4ftsf\u00fchrerin<\/strong>:\u00a0 Hannelore Stemmann<\/p>\n<\/div>\n<\/div>\n<div class=\"et_pb_module et_pb_text et_pb_text_5  et_pb_text_align_left et_pb_bg_layout_light\">\n<div class=\"et_pb_text_inner\">\n<p>Ust.ID.-Nr.: gem. \u00a7 27a UStG: DE458476424<br \/>Inhaltlich verantwortlich: GS Hotel im Park eGbR, Adresse siehe oben<\/p>\n<p>HRB Gs R 999 AG Tostedt<\/p>\n<p>&nbsp;<\/p>\n<\/div>\n<\/div>\n<div class=\"et_pb_module et_pb_text et_pb_text_6  et_pb_text_align_left et_pb_bg_layout_light\">\n<div class=\"et_pb_text_inner\">\n<p><strong>Quellenangaben<\/strong><br \/>\u00a9 Fotos: eigene Aufnahmen<br \/>\u00a9 Fotos: Freepik<\/p>\n<\/div>\n<\/div>\n<div class=\"et_pb_module et_pb_text et_pb_text_7  et_pb_text_align_left et_pb_bg_layout_light\">\n<div class=\"et_pb_text_inner\">\n<p><strong>Datenschutz und Haftungshinweis<\/strong><br \/>Trotz sorgf\u00e4ltiger inhaltlicher Kontrolle \u00fcbernehmen wir keine Haftung f\u00fcr die Inhalte externer Links. F\u00fcr den Inhalt der verlinkten Seiten sind ausschlie\u00dflich deren Betreiber verantwortlich.<\/p>\n<p>Alle Fotos sind urheberrechtlich gesch\u00fctzt und d\u00fcrfen nicht ohne Genehmigung, privat oder kommerziell in ver\u00e4nderter oder unver\u00e4nderter Form genutzt werden.<\/p>\n<p>Informationen zum Datenschutz erhalten Sie hier.<\/p>\n<\/div>\n<\/div>\n<div class=\"et_pb_module et_pb_text et_pb_text_8  et_pb_text_align_left et_pb_bg_layout_light\">\n<div class=\"et_pb_text_inner\">\n<p><strong>Design und Umsetzung<\/strong><br \/>Webdesign und Konzeption von<a href=\"https:\/\/druckstudio.de\/grafikservice\/\" target=\"_blank\" rel=\"noopener\"> <span style=\"text-decoration: underline;\"><strong><span>medienwerk15<\/span><\/strong><\/span><\/a><br \/>Webl\u00f6sung von creativ hosting<\/p>\n<\/div>\n<\/div>\n<\/div>\n<\/div>\n<div class=\"et_pb_row et_pb_row_2 et_pb_equal_columns et_pb_gutters1\">\n<div class=\"et_pb_column et_pb_column_4_4 et_pb_column_2  et_pb_css_mix_blend_mode_passthrough et-last-child\">\n<div class=\"et_pb_module et_pb_text et_pb_text_9  et_pb_text_align_left et_pb_bg_layout_light\">\n<div class=\"et_pb_text_inner\">\n<p><strong>Au\u00dfergerichtliche Streitbeilegung<\/strong><br \/>Die Plattform der EU zur au\u00dfergerichtlichen Online-Streitbeilegung finden Sie hier:<span>\u00a0<\/span><a href=\"https:\/\/ec.europa.eu\/consumers\/odr\/\">https:\/\/ec.europa.eu\/consumers\/odr\/<\/a><br \/>Der Betreiber ist weder bereit noch verpflichtet, an einem Streitbeilegungsverfahren vor einer Verbraucherschlichtungsstelle teilzunehmen.<\/p>\n<\/div>\n<\/div>\n<\/div>\n<\/div>\n<p>[\/et_pb_text][\/et_pb_column][\/et_pb_row][\/et_pb_section]<\/p>\n","protected":false},"excerpt":{"rendered":"<p>&lt; zur\u00fcck zur Startseite Impressum GS Hotel im Park eGbRBahnhofstra\u00dfe 221258 Heidenau Telefon: +49 (0) 151 &#8211; 685 200 20www.heidenauer-hotel.deinfo@heidenauer-hotel.de Gerichtsstand:Amtsgericht Tostedt Gesch\u00e4ftsf\u00fchrerin:\u00a0 Hannelore Stemmann Ust.ID.-Nr.: gem. \u00a7 27a UStG: DE458476424Inhaltlich verantwortlich: GS Hotel im Park eGbR, Adresse siehe oben HRB Gs R 999 AG Tostedt &nbsp; Quellenangaben\u00a9 Fotos: eigene Aufnahmen\u00a9 Fotos: Freepik Datenschutz und [&hellip;]<\/p>\n","protected":false},"author":1,"featured_media":0,"parent":0,"menu_order":0,"comment_status":"closed","ping_status":"closed","template":"","meta":{"_et_pb_use_builder":"on","_et_pb_old_content":"","_et_gb_content_width":"","footnotes":""},"class_list":["post-92","page","type-page","status-publish","hentry"],"yoast_head":"<!-- This site is optimized with the Yoast SEO plugin v26.5 - https:\/\/yoast.com\/wordpress\/plugins\/seo\/ -->\n<title>Impressum - Heidenauer Hotel<\/title>\n<meta name=\"description\" content=\"Impressum des Hotel im Park Heidenau \u2013 Hier finden Sie alle rechtlichen Angaben, Kontaktdaten und Informationen zum Betreiber. Unser Hotel liegt in ruhiger, gr\u00fcner Umgebung zwischen Hamburg und der Nordheide und bietet Gesch\u00e4ftsreisenden sowie Kurzurlaubern eine komfortable Unterkunft mit pers\u00f6nlichem Service.\" \/>\n<meta name=\"robots\" content=\"index, follow, max-snippet:-1, max-image-preview:large, max-video-preview:-1\" \/>\n<link rel=\"canonical\" href=\"https:\/\/heidenauer-hotel.de\/index.php\/impressum\/\" \/>\n<meta property=\"og:locale\" content=\"de_DE\" \/>\n<meta property=\"og:type\" content=\"article\" \/>\n<meta property=\"og:title\" content=\"Impressum - Heidenauer Hotel\" \/>\n<meta property=\"og:description\" content=\"Impressum des Hotel im Park Heidenau \u2013 Hier finden Sie alle rechtlichen Angaben, Kontaktdaten und Informationen zum Betreiber. Unser Hotel liegt in ruhiger, gr\u00fcner Umgebung zwischen Hamburg und der Nordheide und bietet Gesch\u00e4ftsreisenden sowie Kurzurlaubern eine komfortable Unterkunft mit pers\u00f6nlichem Service.\" \/>\n<meta property=\"og:url\" content=\"https:\/\/heidenauer-hotel.de\/index.php\/impressum\/\" \/>\n<meta property=\"og:site_name\" content=\"Heidenauer Hotel\" \/>\n<meta property=\"article:modified_time\" content=\"2026-02-09T08:31:33+00:00\" \/>\n<meta name=\"twitter:card\" content=\"summary_large_image\" \/>\n<meta name=\"twitter:label1\" content=\"Gesch\u00e4tzte Lesezeit\" \/>\n\t<meta name=\"twitter:data1\" content=\"1\u00a0Minute\" \/>\n<script type=\"application\/ld+json\" class=\"yoast-schema-graph\">{\"@context\":\"https:\/\/schema.org\",\"@graph\":[{\"@type\":\"WebPage\",\"@id\":\"https:\/\/heidenauer-hotel.de\/index.php\/impressum\/\",\"url\":\"https:\/\/heidenauer-hotel.de\/index.php\/impressum\/\",\"name\":\"Impressum - Heidenauer Hotel\",\"isPartOf\":{\"@id\":\"https:\/\/heidenauer-hotel.de\/#website\"},\"datePublished\":\"2025-10-22T09:37:51+00:00\",\"dateModified\":\"2026-02-09T08:31:33+00:00\",\"description\":\"Impressum des Hotel im Park Heidenau \u2013 Hier finden Sie alle rechtlichen Angaben, Kontaktdaten und Informationen zum Betreiber. Unser Hotel liegt in ruhiger, gr\u00fcner Umgebung zwischen Hamburg und der Nordheide und bietet Gesch\u00e4ftsreisenden sowie Kurzurlaubern eine komfortable Unterkunft mit pers\u00f6nlichem Service.\",\"breadcrumb\":{\"@id\":\"https:\/\/heidenauer-hotel.de\/index.php\/impressum\/#breadcrumb\"},\"inLanguage\":\"de\",\"potentialAction\":[{\"@type\":\"ReadAction\",\"target\":[\"https:\/\/heidenauer-hotel.de\/index.php\/impressum\/\"]}]},{\"@type\":\"BreadcrumbList\",\"@id\":\"https:\/\/heidenauer-hotel.de\/index.php\/impressum\/#breadcrumb\",\"itemListElement\":[{\"@type\":\"ListItem\",\"position\":1,\"name\":\"Startseite\",\"item\":\"https:\/\/heidenauer-hotel.de\/\"},{\"@type\":\"ListItem\",\"position\":2,\"name\":\"Impressum\"}]},{\"@type\":\"WebSite\",\"@id\":\"https:\/\/heidenauer-hotel.de\/#website\",\"url\":\"https:\/\/heidenauer-hotel.de\/\",\"name\":\"Heidenauer Hotel\",\"description\":\"Ankommen. Wohlf\u00fchlen.\",\"potentialAction\":[{\"@type\":\"SearchAction\",\"target\":{\"@type\":\"EntryPoint\",\"urlTemplate\":\"https:\/\/heidenauer-hotel.de\/?s={search_term_string}\"},\"query-input\":{\"@type\":\"PropertyValueSpecification\",\"valueRequired\":true,\"valueName\":\"search_term_string\"}}],\"inLanguage\":\"de\"}]}<\/script>\n<!-- \/ Yoast SEO plugin. -->","yoast_head_json":{"title":"Impressum - Heidenauer Hotel","description":"Impressum des Hotel im Park Heidenau \u2013 Hier finden Sie alle rechtlichen Angaben, Kontaktdaten und Informationen zum Betreiber. Unser Hotel liegt in ruhiger, gr\u00fcner Umgebung zwischen Hamburg und der Nordheide und bietet Gesch\u00e4ftsreisenden sowie Kurzurlaubern eine komfortable Unterkunft mit pers\u00f6nlichem Service.","robots":{"index":"index","follow":"follow","max-snippet":"max-snippet:-1","max-image-preview":"max-image-preview:large","max-video-preview":"max-video-preview:-1"},"canonical":"https:\/\/heidenauer-hotel.de\/index.php\/impressum\/","og_locale":"de_DE","og_type":"article","og_title":"Impressum - Heidenauer Hotel","og_description":"Impressum des Hotel im Park Heidenau \u2013 Hier finden Sie alle rechtlichen Angaben, Kontaktdaten und Informationen zum Betreiber. Unser Hotel liegt in ruhiger, gr\u00fcner Umgebung zwischen Hamburg und der Nordheide und bietet Gesch\u00e4ftsreisenden sowie Kurzurlaubern eine komfortable Unterkunft mit pers\u00f6nlichem Service.","og_url":"https:\/\/heidenauer-hotel.de\/index.php\/impressum\/","og_site_name":"Heidenauer Hotel","article_modified_time":"2026-02-09T08:31:33+00:00","twitter_card":"summary_large_image","twitter_misc":{"Gesch\u00e4tzte Lesezeit":"1\u00a0Minute"},"schema":{"@context":"https:\/\/schema.org","@graph":[{"@type":"WebPage","@id":"https:\/\/heidenauer-hotel.de\/index.php\/impressum\/","url":"https:\/\/heidenauer-hotel.de\/index.php\/impressum\/","name":"Impressum - Heidenauer Hotel","isPartOf":{"@id":"https:\/\/heidenauer-hotel.de\/#website"},"datePublished":"2025-10-22T09:37:51+00:00","dateModified":"2026-02-09T08:31:33+00:00","description":"Impressum des Hotel im Park Heidenau \u2013 Hier finden Sie alle rechtlichen Angaben, Kontaktdaten und Informationen zum Betreiber. Unser Hotel liegt in ruhiger, gr\u00fcner Umgebung zwischen Hamburg und der Nordheide und bietet Gesch\u00e4ftsreisenden sowie Kurzurlaubern eine komfortable Unterkunft mit pers\u00f6nlichem Service.","breadcrumb":{"@id":"https:\/\/heidenauer-hotel.de\/index.php\/impressum\/#breadcrumb"},"inLanguage":"de","potentialAction":[{"@type":"ReadAction","target":["https:\/\/heidenauer-hotel.de\/index.php\/impressum\/"]}]},{"@type":"BreadcrumbList","@id":"https:\/\/heidenauer-hotel.de\/index.php\/impressum\/#breadcrumb","itemListElement":[{"@type":"ListItem","position":1,"name":"Startseite","item":"https:\/\/heidenauer-hotel.de\/"},{"@type":"ListItem","position":2,"name":"Impressum"}]},{"@type":"WebSite","@id":"https:\/\/heidenauer-hotel.de\/#website","url":"https:\/\/heidenauer-hotel.de\/","name":"Heidenauer Hotel","description":"Ankommen. Wohlf\u00fchlen.","potentialAction":[{"@type":"SearchAction","target":{"@type":"EntryPoint","urlTemplate":"https:\/\/heidenauer-hotel.de\/?s={search_term_string}"},"query-input":{"@type":"PropertyValueSpecification","valueRequired":true,"valueName":"search_term_string"}}],"inLanguage":"de"}]}},"_links":{"self":[{"href":"https:\/\/heidenauer-hotel.de\/index.php\/wp-json\/wp\/v2\/pages\/92","targetHints":{"allow":["GET"]}}],"collection":[{"href":"https:\/\/heidenauer-hotel.de\/index.php\/wp-json\/wp\/v2\/pages"}],"about":[{"href":"https:\/\/heidenauer-hotel.de\/index.php\/wp-json\/wp\/v2\/types\/page"}],"author":[{"embeddable":true,"href":"https:\/\/heidenauer-hotel.de\/index.php\/wp-json\/wp\/v2\/users\/1"}],"replies":[{"embeddable":true,"href":"https:\/\/heidenauer-hotel.de\/index.php\/wp-json\/wp\/v2\/comments?post=92"}],"version-history":[{"count":13,"href":"https:\/\/heidenauer-hotel.de\/index.php\/wp-json\/wp\/v2\/pages\/92\/revisions"}],"predecessor-version":[{"id":349,"href":"https:\/\/heidenauer-hotel.de\/index.php\/wp-json\/wp\/v2\/pages\/92\/revisions\/349"}],"wp:attachment":[{"href":"https:\/\/heidenauer-hotel.de\/index.php\/wp-json\/wp\/v2\/media?parent=92"}],"curies":[{"name":"wp","href":"https:\/\/api.w.org\/{rel}","templated":true}]}}